{"id":13482,"date":"2020-03-09T00:36:51","date_gmt":"2020-03-09T00:36:51","guid":{"rendered":"https:\/\/www.galaxiamaritima.com.br\/?page_id=13482\/"},"modified":"2026-04-20T18:51:30","modified_gmt":"2026-04-20T18:51:30","slug":"social-responsability","status":"publish","type":"page","link":"https:\/\/www.galaxiamaritima.com.br\/en\/social-responsability\/","title":{"rendered":"Social responsability"},"content":{"rendered":"<p>[vc_row full_width=&#8221;stretch_row_content_no_spaces&#8221; content_placement=&#8221;top&#8221; css=&#8221;.vc_custom_1582748366671{margin-bottom: -110px !important;}&#8221;][vc_column offset=&#8221;vc_hidden-lg vc_hidden-md&#8221; css=&#8221;.vc_custom_1582747571794{margin-top: 0px !important;margin-right: -30px !important;margin-bottom: 0px !important;border-top-width: 0px !important;border-right-width: -30px !important;border-bottom-width: 0px !important;padding-top: 0px !important;padding-right: -30px !important;padding-bottom: 0px !important;}&#8221;][vc_single_image image=&#8221;13031&#8243; img_size=&#8221;full&#8221; onclick=&#8221;custom_link&#8221; link=&#8221;http:\/\/www.www.galaxiamaritima.com.br&#8221;][\/vc_column][\/vc_row][vc_row full_width=&#8221;stretch_row_content_no_spaces&#8221; css=&#8221;.vc_custom_1583296302126{margin-top: 190px !important;margin-right: 0px !important;margin-left: 0px !important;border-right-width: 0px !important;border-left-width: 0px !important;padding-top: 225px !important;padding-right: 0px !important;padding-left: 0px !important;background-image: url(https:\/\/www.galaxiamaritima.com.br\/wp-content\/uploads\/2020\/03\/bg-qsms.jpg?id=13336) !important;background-position: 0 0 !important;background-repeat: no-repeat !important;}&#8221; el_class=&#8221;vc_hidden-md vc_hidden-sm vc_hidden-xs&#8221;][vc_column][\/vc_column][\/vc_row][vc_row content_placement=&#8221;middle&#8221; css=&#8221;.vc_custom_1583804657191{margin-top: -140px !important;margin-right: 0px !important;margin-bottom: 0px !important;margin-left: 0px !important;border-top-width: 0px !important;border-right-width: 0px !important;border-bottom-width: 0px !important;border-left-width: 0px !important;padding-top: 0px !important;padding-right: 0px !important;padding-bottom: 0px !important;padding-left: 0px !important;background-position: center !important;background-repeat: no-repeat !important;background-size: contain !important;}&#8221;][vc_column width=&#8221;1\/2&#8243; css=&#8221;.vc_custom_1583715709706{margin-top: 30px !important;margin-right: 0px !important;margin-bottom: 0px !important;margin-left: 0px !important;border-top-width: 0px !important;border-right-width: 0px !important;border-bottom-width: 0px !important;border-left-width: 0px !important;padding-top: 0px !important;padding-right: 0px !important;padding-bottom: 0px !important;padding-left: 0px !important;}&#8221; el_class=&#8221;destaque&#8221; offset=&#8221;vc_hidden-sm vc_hidden-xs&#8221;][vc_column_text css=&#8221;.vc_custom_1583715542492{margin-top: 0px !important;margin-right: 0px !important;margin-bottom: 0px !important;margin-left: 0px !important;border-top-width: 0px !important;border-right-width: 0px !important;border-bottom-width: 0px !important;border-left-width: 0px !important;padding-top: 0px !important;padding-right: 0px !important;padding-bottom: 0px !important;padding-left: 0px !important;}&#8221; el_class=&#8221;helv&#8221;]<\/p>\n<h1 style=\"font-weight: 300; text-transform: uppercase; font-size: 35px; text-align: left; font-family: 'Open Sans Condensed', sans-serif; letter-spacing: 7px;\"><span style=\"color: #133d6f;\">Social responsability<\/span><\/h1>\n<p>[\/vc_column_text][vc_column_text css=&#8221;.vc_custom_1743192399998{margin-top: 0px !important;margin-right: 0px !important;margin-bottom: 0px !important;margin-left: 0px !important;border-top-width: 0px !important;border-right-width: 0px !important;border-bottom-width: 0px !important;border-left-width: 0px !important;padding-top: 0px !important;padding-right: 0px !important;padding-bottom: 0px !important;padding-left: 0px !important;}&#8221;]<\/p>\n<h1 style=\"font-weight: 300; text-transform: uppercase; font-size: 12px; text-align: left; font-family: 'Open Sans Condensed', sans-serif; letter-spacing: 7px;\"><span style=\"color: #133d6f;\">Gal\u00e1xia<\/span><\/h1>\n<p>[\/vc_column_text][\/vc_column][vc_column width=&#8221;1\/2&#8243; offset=&#8221;vc_hidden-sm vc_hidden-xs&#8221;][vc_column_text]<\/p>\n<h1 style=\"font-weight: 300; text-transform: uppercase; font-size: 15px; text-align: right; font-family: 'Open Sans Condensed', sans-serif; letter-spacing: 7px;\">we invest in environmental protection and reforestation projects at Brazil&#8217;s atlantic forest<\/h1>\n<p>[\/vc_column_text][\/vc_column][\/vc_row][vc_row content_placement=&#8221;middle&#8221; css=&#8221;.vc_custom_1583297029247{margin-top: 30px !important;margin-left: 0px !important;border-left-width: 0px !important;padding-left: 0px !important;}&#8221;][vc_column width=&#8221;1\/3&#8243; css=&#8221;.vc_custom_1583296719800{margin-top: -20px !important;margin-right: 10px !important;margin-left: 0px !important;border-right-width: 10px !important;border-left-width: 0px !important;padding-right: 10px !important;padding-left: 0px !important;}&#8221; offset=&#8221;vc_hidden-md vc_hidden-sm vc_hidden-xs&#8221;][vc_single_image image=&#8221;13347&#8243; img_size=&#8221;full&#8221; css=&#8221;.vc_custom_1583297342166{margin-left: 0px !important;border-left-width: 0px !important;padding-left: 0px !important;}&#8221;][\/vc_column][vc_column width=&#8221;2\/3&#8243; css=&#8221;.vc_custom_1583297036454{margin-top: 10px !important;margin-right: 5px !important;margin-left: 0px !important;border-top-width: 0px !important;border-right-width: 5px !important;border-left-width: 0px !important;padding-top: 0px !important;padding-right: 5px !important;padding-bottom: 0px !important;padding-left: 0px !important;}&#8221; offset=&#8221;vc_hidden-md vc_hidden-sm vc_hidden-xs&#8221;][vc_column_text]<strong>Social responsibility<\/strong> is part of the <strong>Gal\u00e1xia&#8217;s <\/strong>policies<strong>.<\/strong><\/p>\n<p>\u2022\u00a0\u00a0We reject child and slave labour;<\/p>\n<hr \/>\n<p>\u2022\u00a0\u00a0We reject any racial, social or religious discrimination;<\/p>\n<hr \/>\n<p>\u2022\u00a0\u00a0We seek transparency and honesty in our relationships with partners, investors, suppliers and employees;<\/p>\n<hr \/>\n<p>\u2022\u00a0\u00a0We invest in the safety, health and life quality of our employees;<\/p>\n<hr \/>\n<p>\u2022\u00a0\u00a0We ensure sustainable development by protecting the environment for future generations;<\/p>\n<hr \/>\n<hr \/>\n<p>\u2022 We respect and practice transparency and equal pay between women and men.<br \/>\n<a href=\"https:\/\/www.galaxiamaritima.com.br\/wp-content\/uploads\/2026\/04\/RelatorioIgualdadeSalarialLote_2026_1_21939743000100_Divulgacao-site.pdf\" target=\"_blank\" rel=\"noopener\">Click here to access the report issued by the MTE \u2013 Ministry of Labor and Employment.<\/a>.<\/p>\n<hr \/>\n<p>Gal\u00e1xia works in harmony with the environment, adopting practices and state-of-the-art-technologies, making operations more efficient, therefore minimizing the impact on the environment.[\/vc_column_text][\/vc_column][\/vc_row][vc_row css=&#8221;.vc_custom_1582740807627{margin-top: 30px !important;margin-bottom: 30px !important;}&#8221;][vc_column offset=&#8221;vc_hidden-sm vc_hidden-xs&#8221;][vc_separator color=&#8221;blue&#8221;][\/vc_column][\/vc_row][vc_row][vc_column css=&#8221;.vc_custom_1582069282227{margin-top: 10px !important;margin-bottom: 10px !important;border-top-width: 10px !important;border-bottom-width: 10px !important;padding-top: 10px !important;padding-bottom: 10px !important;background-color: #ffffff !important;}&#8221; offset=&#8221;vc_hidden-md vc_hidden-sm vc_hidden-xs&#8221;][vc_column_text css=&#8221;.vc_custom_1582069309089{margin-top: 0px !important;margin-right: 100px !important;margin-bottom: 0px !important;margin-left: 100px !important;border-top-width: 0px !important;border-bottom-width: 0px !important;padding-top: 0px !important;padding-bottom: 0px !important;background-color: #ffffff !important;}&#8221;]<!-- Mailchimp for WordPress v4.5.2 - https:\/\/wordpress.org\/plugins\/mailchimp-for-wp\/ --><form id=\"mc4wp-form-1\" class=\"mc4wp-form mc4wp-form-5682 mc4wp-form-theme mc4wp-form-theme-light\" method=\"post\" data-id=\"5682\" data-name=\"Newsletter\" ><div class=\"mc4wp-form-fields\"><div class=\"button5\" style=\"text-align:center\">\r\n<table width=\"100%\" border=\"0\" cellspacing=\"0\" cellpadding=\"0\">\r\n  <tr>\r\n    <td><label>Nome:<\/label> <input type=\"text\" name=\"FNAME\" placeholder=\"Name \" required><\/td>\r\n    <td><label>E-mail:<\/label> <input align=\"right\" type=\"email\" name=\"EMAIL\" placeholder=\"Your email \" required \/><\/td>\r\n  <\/tr>\r\n  <tr>\r\n    <td>&nbsp;<\/td>\r\n    <td style=\"text-align:right; float:right;\"><input type=\"submit\" value=\"Enviar\/Send\" \/><\/td>\r\n  <\/tr>\r\n<\/table>\r\n<\/div>\r\n\r\n\r\n<\/div><label style=\"display: none !important;\">Leave this field empty if you're human: <input type=\"text\" name=\"_mc4wp_honeypot\" value=\"\" tabindex=\"-1\" autocomplete=\"off\" \/><\/label><input type=\"hidden\" name=\"_mc4wp_timestamp\" value=\"1777198867\" \/><input type=\"hidden\" name=\"_mc4wp_form_id\" value=\"5682\" \/><input type=\"hidden\" name=\"_mc4wp_form_element_id\" value=\"mc4wp-form-1\" \/><div class=\"mc4wp-response\"><\/div><\/form><!-- \/ Mailchimp for WordPress Plugin -->[\/vc_column_text][vc_column_text css=&#8221;.vc_custom_1743192456217{margin-left: 100px !important;}&#8221;]<span style=\"color: #0152bb;\">If you want to receive information about the Gal\u00e1xia be part of our relationship register.<\/span>[\/vc_column_text][vc_column_text]<span style=\"color: #ffffff;\">|<\/span>[\/vc_column_text][\/vc_column][\/vc_row][vc_row content_placement=&#8221;middle&#8221; css=&#8221;.vc_custom_1583715577218{margin-top: 150px !important;}&#8221;][vc_column css=&#8221;.vc_custom_1583205762398{margin-top: 30px !important;margin-right: 10px !important;margin-bottom: 10px !important;margin-left: 0px !important;border-top-width: 0px !important;border-right-width: 10px !important;border-bottom-width: 10px !important;border-left-width: 0px !important;padding-top: 0px !important;padding-right: 10px !important;padding-bottom: 0px !important;padding-left: 0px !important;}&#8221; offset=&#8221;vc_hidden-lg vc_hidden-md&#8221;][vc_column_text css=&#8221;.vc_custom_1583715780224{margin-top: 50px !important;margin-right: 0px !important;margin-bottom: 0px !important;margin-left: 0px !important;border-top-width: 0px !important;border-right-width: 0px !important;border-bottom-width: 0px !important;border-left-width: 0px !important;padding-top: 0px !important;padding-right: 0px !important;padding-bottom: 0px !important;padding-left: 0px !important;}&#8221; el_class=&#8221;helv&#8221;]<\/p>\n<h1 style=\"font-weight: 300; text-transform: uppercase; font-size: 35px; text-align: left; font-family: 'Open Sans Condensed', sans-serif; letter-spacing: 7px; line-height: 35px;\"><span style=\"color: #133d6f;\">Social responsability<\/span><\/h1>\n<p>[\/vc_column_text][vc_column_text css=&#8221;.vc_custom_1743192463585{margin-top: 0px !important;margin-right: 0px !important;margin-bottom: 0px !important;margin-left: 0px !important;border-top-width: 0px !important;border-right-width: 0px !important;border-bottom-width: 0px !important;border-left-width: 0px !important;padding-top: 0px !important;padding-right: 0px !important;padding-bottom: 0px !important;padding-left: 0px !important;}&#8221;]<\/p>\n<h1 style=\"font-weight: 300; text-transform: uppercase; font-size: 12px; text-align: left; font-family: 'Open Sans Condensed', sans-serif; letter-spacing: 7px;\"><span style=\"color: #133d6f;\">Gal\u00e1xia<\/span><\/h1>\n<p>[\/vc_column_text][vc_separator color=&#8221;blue&#8221; css=&#8221;.vc_custom_1583206034006{margin-top: 20px !important;}&#8221;][vc_column_text css=&#8221;.vc_custom_1583804676328{margin-top: 40px !important;margin-bottom: 30px !important;}&#8221;]<\/p>\n<h1 style=\"font-weight: 300; text-transform: uppercase; font-size: 15px; text-align: right; font-family: 'Open Sans Condensed', sans-serif; letter-spacing: 7px;\">Harmony with the environment, adopting practices and state-of-the-art-technologies<\/h1>\n<p>[\/vc_column_text][vc_column_text]<strong>Social responsibility<\/strong> is an integral part of the policies of <strong>Gal\u00e1xia .<\/strong><\/p>\n<p>\u2022\u00a0\u00a0We reject child and slave labour;<\/p>\n<hr \/>\n<p>\u2022\u00a0\u00a0We reject any racial, social or religious discrimination;<\/p>\n<hr \/>\n<p>\u2022\u00a0\u00a0We seek transparency and honesty in our relationships with partners, investors, suppliers and employees;<\/p>\n<hr \/>\n<p>\u2022\u00a0\u00a0We invest in the safety and health of our employees;<\/p>\n<hr \/>\n<p>\u2022\u00a0\u00a0We ensure sustainable development by protecting the environment for future generations;<\/p>\n<hr \/>\n<hr \/>\n<p>\u2022 We respect and practice transparency and equal pay between women and men.<br \/>\n<a href=\"https:\/\/www.galaxiamaritima.com.br\/wp-content\/uploads\/2026\/04\/RelatorioIgualdadeSalarialLote_2026_1_21939743000100_Divulgacao-site.pdf\" target=\"_blank\" rel=\"noopener\">Click here to access the report issued by the MTE \u2013 Ministry of Labor and Employment.<\/a>.<\/p>\n<hr \/>\n<p>Gal\u00e1xia works in harmony with the environment, adopting practices and state-of-the-art-technologies, making operations more efficient, therefore minimizing the impact on the environment.<\/p>\n<p>This is evidenced with Gal\u00e1xia Reflorestamento e Agroneg\u00f3cios, a company established in the city of Ita\u00f3ca &#8211; SP, which does environmental compensation using renewable resources exploited by oil exploration activities. Forest related activities comprise the planting of native forests so as to ensure sustainability.[\/vc_column_text][\/vc_column][\/vc_row]<\/p>\n","protected":false},"excerpt":{"rendered":"<p>[vc_row full_width=&#8221;stretch_row_content_no_spaces&#8221; content_placement=&#8221;top&#8221; css=&#8221;.vc_custom_1582748366671{margin-bottom: -110px !important;}&#8221;][vc_column offset=&#8221;vc_hidden-lg vc_hidden-md&#8221; css=&#8221;.vc_custom_1582747571794{margin-top: 0px !important;margin-right: -30px !important;margin-bottom: 0px !important;border-top-width: 0px !important;border-right-width: -30px !important;border-bottom-width: 0px !important;padding-top: 0px !important;padding-right: -30px !important;padding-bottom: 0px !important;}&#8221;][vc_single_image image=&#8221;13031&#8243; img_size=&#8221;full&#8221; onclick=&#8221;custom_link&#8221; link=&#8221;http:\/\/www.www.galaxiamaritima.com.br&#8221;][\/vc_column][\/vc_row][vc_row full_width=&#8221;stretch_row_content_no_spaces&#8221; css=&#8221;.vc_custom_1583296302126{margin-top: 190px !important;margin-right: 0px !important;margin-left: 0px !important;border-right-width: 0px [&hellip;]<\/p>\n","protected":false},"author":1,"featured_media":0,"parent":0,"menu_order":0,"comment_status":"closed","ping_status":"closed","template":"","meta":{"footnotes":""},"_links":{"self":[{"href":"https:\/\/www.galaxiamaritima.com.br\/en\/wp-json\/wp\/v2\/pages\/13482"}],"collection":[{"href":"https:\/\/www.galaxiamaritima.com.br\/en\/wp-json\/wp\/v2\/pages"}],"about":[{"href":"https:\/\/www.galaxiamaritima.com.br\/en\/wp-json\/wp\/v2\/types\/page"}],"author":[{"embeddable":true,"href":"https:\/\/www.galaxiamaritima.com.br\/en\/wp-json\/wp\/v2\/users\/1"}],"replies":[{"embeddable":true,"href":"https:\/\/www.galaxiamaritima.com.br\/en\/wp-json\/wp\/v2\/comments?post=13482"}],"version-history":[{"count":17,"href":"https:\/\/www.galaxiamaritima.com.br\/en\/wp-json\/wp\/v2\/pages\/13482\/revisions"}],"predecessor-version":[{"id":24727,"href":"https:\/\/www.galaxiamaritima.com.br\/en\/wp-json\/wp\/v2\/pages\/13482\/revisions\/24727"}],"wp:attachment":[{"href":"https:\/\/www.galaxiamaritima.com.br\/en\/wp-json\/wp\/v2\/media?parent=13482"}],"curies":[{"name":"wp","href":"https:\/\/api.w.org\/{rel}","templated":true}]}}